{"id":227,"date":"2024-02-12T14:26:08","date_gmt":"2024-02-12T19:26:08","guid":{"rendered":"https:\/\/const-larco.com\/sample-page\/"},"modified":"2024-10-14T14:54:58","modified_gmt":"2024-10-14T18:54:58","slug":"sample-page","status":"publish","type":"page","link":"https:\/\/const-larco.com\/en\/","title":{"rendered":"Home"},"content":{"rendered":"<section class=\"statistics-02-block aligndefault\">\n  <div class=\"statistics__heading\">\n    <div class=\"statistics__heading__col statistics__heading__col--title\">\n              <p class=\"statistics__heading__label\">General Contractor<\/p>\n            <h2 class=\"statistics__heading__title\">Constructions Larco <\/h2>\n    <\/div>\n    <div class=\"statistics__heading__col statistics__heading__col--content\">\n      <div class=\"elementor-element elementor-element-ab0bc57 elementor-widget elementor-widget-text-editor\" data-id=\"ab0bc57\" data-element_type=\"widget\" data-widget_type=\"text-editor.default\">\n<div class=\"elementor-widget-container\">\n<p>We consider each project as an opportunity to create a privileged relationship with the client and to get as close as possible to their needs and expectations, by listening to them.<\/p>\n<p>&nbsp;<\/p>\n<p>Our constant goal is to surprise with our competence, efficiency and speed, in order to offer the highest possible level of satisfaction. To this end, we use the full potential of our staff and our business partners.<\/p>\n<\/div>\n<\/div>\n<div class=\"elementor-element elementor-element-61503e4 elementor-widget elementor-widget-text-editor\" data-id=\"61503e4\" data-element_type=\"widget\" data-widget_type=\"text-editor.default\">\n<div class=\"elementor-widget-container\">\n<p style=\"text-align: left\">\n<\/div>\n<\/div>\n          <\/div>\n  <\/div>\n      <div class=\"statistics__counters-wrapper\">\n      <div class=\"statistics__counters\">\n        <div class=\"statistics__counters__inner\">\n                      <div class=\"statistics-counter\">\n              <div class=\"statistics-counter__text\">\n                <p class=\"statistics-counter__number vtx-heading-3\">\n                                      <span class=\"counterNumber\">1200<\/span>\n                                                    <\/p>\n                <p class=\"statistics-counter__number-label\">Achievements<\/p>\n              <\/div>\n            <\/div>\n                      <div class=\"statistics-counter\">\n              <div class=\"statistics-counter__text\">\n                <p class=\"statistics-counter__number vtx-heading-3\">\n                                      <span class=\"counterNumber\">38<\/span>\n                                                    <\/p>\n                <p class=\"statistics-counter__number-label\">Years at your service<\/p>\n              <\/div>\n            <\/div>\n                      <div class=\"statistics-counter\">\n              <div class=\"statistics-counter__text\">\n                <p class=\"statistics-counter__number vtx-heading-3\">\n                                      <span class=\"counterNumber\">45<\/span>\n                                                    <\/p>\n                <p class=\"statistics-counter__number-label\">Employees<\/p>\n              <\/div>\n            <\/div>\n                  <\/div>\n      <\/div>\n      <div class=\"statistics__counters-decoration\" aria-hidden=\"true\">\n        <div class=\"decorative-circles\">\n          <div class=\"circle circle--first\"><\/div>\n          <div class=\"circle circle--second\"><\/div>\n          <div class=\"circle circle--third\"><\/div>\n        <\/div>\n      <\/div>\n    <\/div>\n  <\/section>\n\n\n\n<div class=\"wp-block-group is-layout-flow wp-block-group-is-layout-flow\">\n<div class=\"wp-block-group has-primary-background-color has-background is-layout-constrained wp-block-group-is-layout-constrained\">\n<h2 class=\"wp-block-heading\"><strong>We transform your projects into exceptional achievements.<\/strong><\/h2>\n\n\n\n<p>At Constructions Larco, innovation and entrepreneurship have been anchored in the very essence of our lineage for four decades. From one generation to the next, a shared passion drives us: that of constantly exploring new heights, convinced that excellence is the key to a prosperous future. This tradition of innovation and entrepreneurship, passed down within our family, constitutes the common thread that unites our past, our present and our future.<\/p>\n\n\n\n<p>Over the past 38 years, we have carefully built a reputation for excellence. In order to preserve this capital of trust acquired, both from our customers and our partners, and to ensure the well-being of our employees, we have taken the initiative of establishing our own structure based on innovation.<\/p>\n\n\n\n<div class=\"wp-block-buttons is-content-justification-center is-layout-flex wp-container-core-buttons-is-layout-1 wp-block-buttons-is-layout-flex\">\n<div class=\"wp-block-button\"><a class=\"wp-block-button__link wp-element-button\" href=\"https:\/\/const-larco.com\/nous-contacter\/\">Request a quote<\/a><\/div>\n<\/div>\n<\/div>\n<\/div>\n\n\n\n<section class=\"expertises-block theme-block alignwide\"\n>\n\n  <div class=\"expertises-block__container\">\n    <div class=\"expertises-block__header\">\n      <img decoding=\"async\" src=\"https:\/\/const-larco.com\/wp-content\/uploads\/2024\/04\/20141126LarcoMosaique0001-e1713466173304.jpg\" alt=\"http:\/\/Default%20image\" class=\"expertises-block__img\" title=\"\">\n      <div class=\"expertises-block__heading\">\n                  <p class=\"suptitle\">Why Larco?<\/p>\n                          <h2 class=\"expertises-block__title\">Excellence in every construction.<\/h2> \n              <\/div>\n    <\/div>\n\n    <div class=\"expertises-block__content\">\n      <div class=\"expertises-block__tabs\">\n        <div class=\"expertises-block__tabs__nav\">\n          <p>Our Business Sectors<\/p>\n          <div class=\"expertises-block__tab-list\">\n                                          <a href=\"#institutional-sector\" class=\"expertises-block__tab\">\n                  Institutional sector                <\/a>\n                              <a href=\"#commercial-sector\" class=\"expertises-block__tab\">\n                  Commercial sector                <\/a>\n                              <a href=\"#industrial-sector\" class=\"expertises-block__tab\">\n                  Industrial sector                <\/a>\n                              <a href=\"#real-estate-development\" class=\"expertises-block__tab\">\n                  Real estate development                <\/a>\n                                    <\/div>\n        <\/div>\n\n      <div class=\"expertises-block__tab-content\">\n                              <div class=\"expertises block__tab-content\" id=\"institutional-sector\">\n              <h3 class=\"expertises__tab_title\">Institutional sector<\/h3>\n              <div class=\"exdivertises__tab_desc\"><p>For several years we have specialized in the construction or expansion of schools, park chalets, libraries or any other institutional establishment, our specialists are ready to transform your vision into reality. We understand the importance of these projects to the community and are committed to delivering them on time and with the highest quality possible.<\/p>\n<\/div>\n            <\/div>\n                      <div class=\"expertises block__tab-content\" id=\"commercial-sector\">\n              <h3 class=\"expertises__tab_title\">Commercial sector<\/h3>\n              <div class=\"exdivertises__tab_desc\"><p>Commercial projects require a pragmatic approach and effective cost management. At Constructions Larco, we have the expertise necessary to build commercial spaces such as large supermarkets, professional offices, financial institutions, and more. All this with meticulous attention to detail, while maintaining rigorous management of costs and schedules.<\/p>\n<\/div>\n            <\/div>\n                      <div class=\"expertises block__tab-content\" id=\"industrial-sector\">\n              <h3 class=\"expertises__tab_title\">Industrial sector<\/h3>\n              <div class=\"exdivertises__tab_desc\"><p>The construction or renovation of industrial buildings requires specific expertise in safety, regulations and advanced technologies. We are equipped and we surround ourselves with business partners with the same vision as us to manage industrial projects, whether for the construction of production sites, warehouses or distribution centers.<\/p>\n<\/div>\n            <\/div>\n                      <div class=\"expertises block__tab-content\" id=\"real-estate-development\">\n              <h3 class=\"expertises__tab_title\">Real estate development<\/h3>\n              <div class=\"exdivertises__tab_desc\"><p>Depuis plusieurs ann\u00e9es, notre \u00e9quipe d\u00e9veloppe des projets immobiliers aussi bien industriels que commerciaux, et a acquis une expertise significative dans ce domaine. Notre engagement envers l\u2019excellence et notre passion pour l\u2019innovation ont \u00e9t\u00e9 les piliers de notre succ\u00e8s continu dans la r\u00e9alisation de projets immobiliers industriels diversifi\u00e9s et ambitieux. De l\u2019acquisition des terrains \u00e0 la conception jusqu\u2019\u00e0 la vente, nous veillons toujours \u00e0 int\u00e9grer nos experts avec les valeurs les plus \u00e9lev\u00e9es en mati\u00e8re de durabilit\u00e9, de s\u00e9curit\u00e9 et d\u2019efficacit\u00e9 op\u00e9rationnelle.<\/p>\n<\/div>\n            <\/div>\n                        <\/div>\n    <\/div>\n  <\/div>\n<\/section>\n               \n\n\n<section class=\"featured-achievements-block\"\n     >\n   <div class=\"featured-achievements-block__inner container\">\n    <div class=\"featured-achievements-block__heading\">\n              <h2 class=\"featured-achievements-block__title is-style-heading-two-colors\">Our Latest Achievements<\/h2>\n          <\/div>\n          <div class=\"featured-achievements-block__listing-wrapper\">\n        <div class=\"bubble-ctas-block__grid\">\n          <div class=\"bubble-ctas-block__item-wrapper\">\n  <a href=\"https:\/\/const-larco.com\/en\/achievements\/new-santier-school-notre-dame-des-prairiesqc\/\" class=\"bubble-ctas-block__item\">\n    <div class=\"bubble-ctas-block__item__inner\" style=\"background-image: url(https:\/\/const-larco.com\/wp-content\/uploads\/2024\/06\/Larco-Photos-Juin-10.jpg);\">\n      <div class=\"bubble-ctas-block__item__texts-wrapper\">         \n        <h3 class=\"bubble-ctas-block__item__title\">New Santier school &#8211; Notre-Dame-Des-Prairies(QC)<\/h3>\n                  <p class=\"bubble-ctas-block__item__text\">New Santier school &#8211; Notre-Dame-Des-Prairies(QC) Project: Construction of a primary school in Notre-Dame-Des-Prairies Client: Samares School Service Center We are proud to present to you an overview of one of our current projects. Here is the progress of the new school under construction in Notre-Dame-des-Prairies. A school that will be able to accommodate 360 \u200b\u200bstudents&hellip;<\/p>\n              <\/div>\n    <\/div>\n  <\/a>\n<\/div>\n<div class=\"bubble-ctas-block__item-wrapper\">\n  <a href=\"https:\/\/const-larco.com\/en\/achievements\/new-elementary-school-lassomption-qc\/\" class=\"bubble-ctas-block__item\">\n    <div class=\"bubble-ctas-block__item__inner\" style=\"background-image: url(https:\/\/const-larco.com\/wp-content\/uploads\/2024\/06\/DJI_0998-Avec_accentuation-Bruit-Modifier-min1-1.jpg);\">\n      <div class=\"bubble-ctas-block__item__texts-wrapper\">         \n        <h3 class=\"bubble-ctas-block__item__title\">New elementary school &#8211; L\u2019Assomption (QC)<\/h3>\n                  <p class=\"bubble-ctas-block__item__text\">Project progress Project: Construction of a primary school in L\u2019Assomption Client: Affluent School Board During the summer of 2023, our mobilization in L&#8217;Assomption marked the start of the construction of the brand new primary school, thus announcing the start of its construction on the site of the rang l&#8217;Achigan and rue Laurier sector. This new&hellip;<\/p>\n              <\/div>\n    <\/div>\n  <\/a>\n<\/div>\n<div class=\"bubble-ctas-block__item-wrapper\">\n  <a href=\"https:\/\/const-larco.com\/en\/achievements\/industrial-building-le-gardeurqc\/\" class=\"bubble-ctas-block__item\">\n    <div class=\"bubble-ctas-block__item__inner\" style=\"background-image: url(https:\/\/const-larco.com\/wp-content\/uploads\/2024\/04\/20230922Larco_LeGardeur0075.jpg);\">\n      <div class=\"bubble-ctas-block__item__texts-wrapper\">         \n        <h3 class=\"bubble-ctas-block__item__title\">Industrial building &#8211; Le Gardeur(QC)<\/h3>\n                  <p class=\"bubble-ctas-block__item__text\">Industrial building &#8211; Le Gardeur(QC) Key Features:<\/p>\n              <\/div>\n    <\/div>\n  <\/a>\n<\/div>\n        <\/div>\n      <\/div>\n          <div class=\"featured-achievements-block__button-wrapper\">\n        <a href=\"https:\/\/const-larco.com\/en\/achievements\/\" class=\"btn\">\n          See all our achievements        <\/a>\n      <\/div>\n   <\/div>\n<\/section>\n\n\n\n<div class=\"wp-block-media-text alignwide is-stacked-on-mobile has-black-background-color has-background has-large-font-size\" style=\"grid-template-columns:39% auto\"><figure class=\"wp-block-media-text__media\"><a href=\"https:\/\/const-larco.com\/carrieres\/\"><img decoding=\"async\" src=\"https:\/\/const-larco.com\/wp-content\/uploads\/2024\/05\/2-gars-larco-logo-1024x1022.png\" alt=\"\" class=\"wp-image-772 size-full\" title=\"\"><\/a><\/figure><div class=\"wp-block-media-text__content\">\n<h2><span style=\"color: #018266;\"><span style=\"color: #000000;\">A career opportunity for you<\/span><\/span><\/h2>\n\n\n\n<p><mark style=\"background-color:rgba(0, 0, 0, 0)\" class=\"has-inline-color has-white-color\">At Constructions Larco, we continue to grow year after year, which allows us, as an employer, to constantly offer the best to our enthusiasts since 1986. What greatly sets us apart as a company is our desire for constant improvement. We offer good training and the best possible tools to our teams for good development.<\/mark><\/p>\n\n\n\n<p class=\"has-black-background-color has-background\"><strong>Do you want to be part of a passionate team? Check out our available positions now.<\/strong><\/p>\n\n\n\n<div class=\"wp-block-buttons is-layout-flex wp-block-buttons-is-layout-flex\">\n<div class=\"wp-block-button is-style-btn--arrow\"><a class=\"wp-block-button__link wp-element-button\" href=\"https:\/\/const-larco.com\/carrieres\/\"><strong>View job offers<\/strong><span class=\"vtx-icon-down_arrow\"><\/span><\/a><\/div>\n<\/div>\n<\/div><\/div>\n","protected":false},"excerpt":{"rendered":"<p>We transform your projects into exceptional achievements. At Constructions Larco, innovation and entrepreneurship have been anchored in the very essence of our lineage for four decades. From one generation to the next, a shared passion drives us: that of constantly exploring new heights, convinced that excellence is the key to a prosperous future. This tradition&hellip;<\/p>\n","protected":false},"author":1,"featured_media":0,"parent":0,"menu_order":-4,"comment_status":"closed","ping_status":"open","template":"template-carousel-header.php","meta":{"_acf_changed":false,"_relevanssi_hide_post":"","_relevanssi_hide_content":"","_relevanssi_pin_for_all":"","_relevanssi_pin_keywords":"","_relevanssi_unpin_keywords":"","_relevanssi_related_keywords":"","_relevanssi_related_include_ids":"","_relevanssi_related_exclude_ids":"","_relevanssi_related_no_append":"","_relevanssi_related_not_related":"","_relevanssi_related_posts":"1","_relevanssi_noindex_reason":"","footnotes":""},"class_list":["post-227","page","type-page","status-publish","hentry"],"acf":[],"_links":{"self":[{"href":"https:\/\/const-larco.com\/en\/wp-json\/wp\/v2\/pages\/227"}],"collection":[{"href":"https:\/\/const-larco.com\/en\/wp-json\/wp\/v2\/pages"}],"about":[{"href":"https:\/\/const-larco.com\/en\/wp-json\/wp\/v2\/types\/page"}],"author":[{"embeddable":true,"href":"https:\/\/const-larco.com\/en\/wp-json\/wp\/v2\/users\/1"}],"replies":[{"embeddable":true,"href":"https:\/\/const-larco.com\/en\/wp-json\/wp\/v2\/comments?post=227"}],"version-history":[{"count":7,"href":"https:\/\/const-larco.com\/en\/wp-json\/wp\/v2\/pages\/227\/revisions"}],"predecessor-version":[{"id":1477,"href":"https:\/\/const-larco.com\/en\/wp-json\/wp\/v2\/pages\/227\/revisions\/1477"}],"wp:attachment":[{"href":"https:\/\/const-larco.com\/en\/wp-json\/wp\/v2\/media?parent=227"}],"curies":[{"name":"wp","href":"https:\/\/api.w.org\/{rel}","templated":true}]}}