{"id":225,"date":"2024-02-22T14:32:27","date_gmt":"2024-02-22T19:32:27","guid":{"rendered":"https:\/\/const-larco.com\/services\/"},"modified":"2024-10-14T13:02:54","modified_gmt":"2024-10-14T17:02:54","slug":"services","status":"publish","type":"page","link":"https:\/\/const-larco.com\/en\/services\/","title":{"rendered":"Services"},"content":{"rendered":"\n<div class=\"wp-block-media-text alignfull has-media-on-the-right is-stacked-on-mobile has-black-background-color has-background\" style=\"grid-template-columns:auto 47%\"><div class=\"wp-block-media-text__content\">\n<h2 class=\"wp-block-heading\"><strong>CONSTRUCTION <\/strong><\/h2>\n\n\n\n<p class=\"has-large-font-size\">Whether for a project in the institutional, commercial, industrial sector or a real estate development project, we put all our skills to work to realize your vision for your construction and renovation projects. For years, we have been established in the field with the best business partners who care as much as we do about the details of your project.<\/p>\n<\/div><figure class=\"wp-block-media-text__media\"><video controls src=\"https:\/\/const-larco.com\/wp-content\/uploads\/2024\/09\/Larco-Video-banniere-Low-Rez-3.mp4\"><\/video><\/figure><\/div>\n\n\n\n<h1 class=\"wp-block-heading\">SECTORS OF ACTIVITIES<\/h1>\n\n\n\n<div class=\"wp-block-columns alignwide is-layout-flex wp-container-core-columns-is-layout-1 wp-block-columns-is-layout-flex\" style=\"margin-bottom:0\">\n<div class=\"wp-block-column has-primary-background-color has-text-color has-background has-link-color wp-elements-c8daea606ec46d70b3cdbd7f5ef4e533 is-layout-flow wp-block-column-is-layout-flow\" style=\"color:#000000;padding-top:2em;padding-right:2em;padding-bottom:2em;padding-left:2em\">\n<h2 class=\"wp-block-heading\" id=\"single\" style=\"font-size:40px\">Institutional<\/h2>\n\n\n\n<hr class=\"wp-block-separator has-text-color has-css-opacity has-background is-style-wide\" style=\"background-color:#000000;color:#000000\"\/>\n\n\n\n<p>For several years we have specialized in the construction or expansion of schools, park chalets, libraries or any other institutional establishment, our specialists are ready to transform your vision into reality. We understand the importance of these projects to the community and are committed to delivering them on time and with the highest quality possible.<\/p>\n\n\n\n<div class=\"wp-block-buttons alignfull is-horizontal is-content-justification-center is-layout-flex wp-container-core-buttons-is-layout-1 wp-block-buttons-is-layout-flex\"><\/div>\n<\/div>\n\n\n\n<div class=\"wp-block-column has-primary-background-color has-text-color has-background has-link-color wp-elements-605ca02168d6ef91ccf8cce85c61f60b is-layout-flow wp-block-column-is-layout-flow\" style=\"color:#000000;padding-top:2em;padding-right:2em;padding-bottom:2em;padding-left:2em\">\n<h2 class=\"wp-block-heading\" id=\"family\" style=\"font-size:40px\"><strong>Commercial<\/strong><\/h2>\n\n\n\n<hr class=\"wp-block-separator has-css-opacity is-style-wide\"\/>\n\n\n\n<p>Commercial projects require a pragmatic approach and effective cost management. At Constructions Larco, we have the expertise necessary to build commercial spaces such as large supermarkets, professional offices, financial institutions, and more. All this with meticulous attention to detail, while maintaining rigorous management of costs and schedules.<\/p>\n\n\n\n<div class=\"wp-block-buttons alignfull is-horizontal is-content-justification-center is-layout-flex wp-container-core-buttons-is-layout-2 wp-block-buttons-is-layout-flex\"><\/div>\n<\/div>\n<\/div>\n\n\n\n<div class=\"wp-block-columns alignwide is-layout-flex wp-container-core-columns-is-layout-2 wp-block-columns-is-layout-flex\" style=\"margin-bottom:0\">\n<div class=\"wp-block-column has-primary-background-color has-text-color has-background has-link-color wp-elements-6251c992385358ebe25abd2d8a919a26 is-layout-flow wp-block-column-is-layout-flow\" style=\"color:#000000;padding-top:2em;padding-right:2em;padding-bottom:2em;padding-left:2em\">\n<h2 class=\"wp-block-heading\" id=\"single\" style=\"font-size:40px\"><strong>Industrial<\/strong><\/h2>\n\n\n\n<hr class=\"wp-block-separator has-text-color has-css-opacity has-background is-style-wide\" style=\"background-color:#000000;color:#000000\"\/>\n\n\n\n<p>The construction or renovation of industrial buildings requires specific expertise in safety, regulations and advanced technologies. We are equipped and we surround ourselves with business partners with the same vision as us to manage industrial projects, whether for the construction of production sites, warehouses or distribution centers.<\/p>\n\n\n\n<div class=\"wp-block-buttons alignfull is-horizontal is-content-justification-center is-layout-flex wp-container-core-buttons-is-layout-3 wp-block-buttons-is-layout-flex\"><\/div>\n<\/div>\n\n\n\n<div class=\"wp-block-column has-primary-background-color has-text-color has-background has-link-color wp-elements-2ff045b78ed7e3efbb55a852ae9b8451 is-layout-flow wp-block-column-is-layout-flow\" style=\"color:#000000;padding-top:2em;padding-right:2em;padding-bottom:2em;padding-left:2em\">\n<h2 class=\"wp-block-heading\" id=\"family\" style=\"font-size:40px\">Project and property management<\/h2>\n\n\n\n<hr class=\"wp-block-separator has-css-opacity is-style-wide\"\/>\n\n\n\n<p>For several years, our team has been developing both industrial and commercial real estate projects, and has acquired significant expertise in this area. Our commitment to excellence and our passion for innovation have been the pillars of our continued success in carrying out diversified and ambitious industrial real estate projects. From land acquisition to design to sale, we always ensure to integrate our experts with the highest values \u200b\u200bin sustainability, security and operational efficiency.<\/p>\n\n\n\n<div class=\"wp-block-buttons alignfull is-horizontal is-content-justification-center is-layout-flex wp-container-core-buttons-is-layout-4 wp-block-buttons-is-layout-flex\"><\/div>\n<\/div>\n<\/div>\n\n\n\n<section class=\"expertises-block theme-block alignwide\"\n>\n\n  <div class=\"expertises-block__container\">\n    <div class=\"expertises-block__header\">\n      <img decoding=\"async\" src=\"https:\/\/const-larco.com\/wp-content\/uploads\/2024\/04\/Vertical-1.png\" alt=\"http:\/\/Default%20image\" class=\"expertises-block__img\" title=\"\">\n      <div class=\"expertises-block__heading\">\n                          <h2 class=\"expertises-block__title\">Our areas of expertise through each project<\/h2> \n              <\/div>\n    <\/div>\n\n    <div class=\"expertises-block__content\">\n      <div class=\"expertises-block__tabs\">\n        <div class=\"expertises-block__tabs__nav\">\n          <p>Our areas of expertise<\/p>\n          <div class=\"expertises-block__tab-list\">\n                                          <a href=\"#the-estimate\" class=\"expertises-block__tab\">\n                  The Estimate                <\/a>\n                              <a href=\"#project-management\" class=\"expertises-block__tab\">\n                  Project management                <\/a>\n                              <a href=\"#constructions-and-renovations\" class=\"expertises-block__tab\">\n                  Constructions and renovations                <\/a>\n                              <a href=\"#real-estate-development\" class=\"expertises-block__tab\">\n                  Real estate development                <\/a>\n                                    <\/div>\n        <\/div>\n\n      <div class=\"expertises-block__tab-content\">\n                              <div class=\"expertises block__tab-content\" id=\"the-estimate\">\n              <h3 class=\"expertises__tab_title\">The Estimate<\/h3>\n              <div class=\"exdivertises__tab_desc\"><p>Estimation is a vital part of the entire success of your project, both constructionally and financially. Thanks to our great expertise as well as our cutting-edge technology tools, we offer you an unparalleled and very precise quality estimate. This will allow you to lay the perfect foundations for the realization of your project.<\/p>\n<p>By opting for our estimation service, you obtain:<br \/>\n&#8211; A budget study<br \/>\n&#8211; Calls for tenders<br \/>\n&#8211; A list of available materials<br \/>\n&#8211; An evaluation of the schedule<br \/>\n&#8211; Pre-work methods<br \/>\n&#8211; Detailed planning of the different phases<br \/>\nEn optant pour notre service d\u2019estimation, vous obtenez :<br \/>\n&#8211; Une \u00e9tude budg\u00e9taire<br \/>\n&#8211; Des appels d\u2019offres<br \/>\n&#8211; Une liste de mat\u00e9riaux disponibles<br \/>\n&#8211; Une \u00e9valuation de l\u2019\u00e9ch\u00e9ancier<br \/>\n&#8211; Les m\u00e9thodes de travail pr\u00e9<br \/>\n&#8211; La planification d\u00e9taill\u00e9e des diff\u00e9rentes phases <\/p>\n<\/div>\n            <\/div>\n                      <div class=\"expertises block__tab-content\" id=\"project-management\">\n              <h3 class=\"expertises__tab_title\">Project management<\/h3>\n              <div class=\"exdivertises__tab_desc\"><p>The key to success lies in rigorous planning of your project. Opt for partial or complete support from Constructions Larco for planning and management, with realistic deadlines, concern for health and safety, effective information management and rigorous budgets. Benefit from our team\u2019s unrivaled experience on and off site, with expert consulting service every step of the way. From planning to completion, Constructions Larco ensures precise monitoring using cutting-edge technological tools, thus optimizing time and resources.<\/p>\n<\/div>\n            <\/div>\n                      <div class=\"expertises block__tab-content\" id=\"constructions-and-renovations\">\n              <h3 class=\"expertises__tab_title\">Constructions and renovations<\/h3>\n              <div class=\"exdivertises__tab_desc\"><p>Naturally, our construction service is comprehensive and turnkey, taking care of estimating, planning, construction, management and quality monitoring. The estimate provides an accurate assessment of the various steps to be taken, tenders, costs, and much more. At the same time, our management gives you peace of mind by ensuring careful monitoring every step of the way.<\/p>\n<p>Our construction service specifically includes:<br \/>\n&#8211; Analysis of needs and evaluation of work<br \/>\n&#8211; Design, plans and quotes<br \/>\n&#8211; Preparation of the schedule<br \/>\n&#8211; Project management<br \/>\n&#8211; Construction\/renovation\/expansion<br \/>\n&#8211; Quality monitoring<\/p>\n<\/div>\n            <\/div>\n                      <div class=\"expertises block__tab-content\" id=\"real-estate-development\">\n              <h3 class=\"expertises__tab_title\">Real estate development<\/h3>\n              <div class=\"exdivertises__tab_desc\"><p>Constructions Larco also provides real estate management and rental services. Our team is ready to carry out the design and construction of one or more buildings in the image of our clients. We know how to surround ourselves with professionals, such as engineers and architects, to carry out your project. We offer real estate management and rental services for several buildings.<\/p>\n<\/div>\n            <\/div>\n                        <\/div>\n    <\/div>\n  <\/div>\n<\/section>\n               \n\n\n\n<div class=\"wp-block-columns is-layout-flex wp-container-core-columns-is-layout-3 wp-block-columns-is-layout-flex\">\n<div class=\"wp-block-column is-layout-flow wp-block-column-is-layout-flow\"><\/div>\n\n\n\n<div class=\"wp-block-column is-layout-flow wp-block-column-is-layout-flow\"><\/div>\n\n\n\n<div class=\"wp-block-column is-layout-flow wp-block-column-is-layout-flow\"><\/div>\n<\/div>\n\n\n\n  <section class=\"medias-carousel-block theme-block alignfull\"\n  >\n    <div class=\"medias-carousel__carousel swiper\">\n      <div class=\"swiper-wrapper\">\n                  <div class=\"swiper-slide medias-carousel__item-wrapper\">\n            <a class=\"medias-carousel__item\" data-fancybox href=\"https:\/\/const-larco.com\/wp-content\/uploads\/2024\/08\/20230924Larco_Tournesol0002.jpg\" data-caption=\"\">\n              <div class=\"medias-carousel__item__thumbnail\" style=\"background-image:url(https:\/\/const-larco.com\/wp-content\/uploads\/2024\/08\/20230924Larco_Tournesol0002.jpg);\" role=\"img\" aria-label=\"\"><\/div>\n                            <span class=\"sr-only\">See image in full size<\/span>\n            <\/a>\n          <\/div>\n                  <div class=\"swiper-slide medias-carousel__item-wrapper\">\n            <a class=\"medias-carousel__item\" data-fancybox href=\"https:\/\/const-larco.com\/wp-content\/uploads\/2024\/06\/Larco-Photos-Juin-17-1.jpg\" data-caption=\"\">\n              <div class=\"medias-carousel__item__thumbnail\" style=\"background-image:url(https:\/\/const-larco.com\/wp-content\/uploads\/2024\/06\/Larco-Photos-Juin-17-1.jpg);\" role=\"img\" aria-label=\"\"><\/div>\n                            <span class=\"sr-only\">See image in full size<\/span>\n            <\/a>\n          <\/div>\n                  <div class=\"swiper-slide medias-carousel__item-wrapper\">\n            <a class=\"medias-carousel__item\" data-fancybox href=\"https:\/\/const-larco.com\/wp-content\/uploads\/2024\/06\/Ecole-Henri-Bourassa-1.jpg\" data-caption=\"\">\n              <div class=\"medias-carousel__item__thumbnail\" style=\"background-image:url(https:\/\/const-larco.com\/wp-content\/uploads\/2024\/06\/Ecole-Henri-Bourassa-1.jpg);\" role=\"img\" aria-label=\"Piscine Henri Bourassa - Montr\u00e9al(QC)\"><\/div>\n                            <span class=\"sr-only\">See image in full size<\/span>\n            <\/a>\n          <\/div>\n                  <div class=\"swiper-slide medias-carousel__item-wrapper\">\n            <a class=\"medias-carousel__item\" data-fancybox href=\"https:\/\/const-larco.com\/wp-content\/uploads\/2024\/05\/20221010Larco0063.jpg\" data-caption=\"\">\n              <div class=\"medias-carousel__item__thumbnail\" style=\"background-image:url(https:\/\/const-larco.com\/wp-content\/uploads\/2024\/05\/20221010Larco0063.jpg);\" role=\"img\" aria-label=\"\"><\/div>\n                            <span class=\"sr-only\">See image in full size<\/span>\n            <\/a>\n          <\/div>\n                  <div class=\"swiper-slide medias-carousel__item-wrapper\">\n            <a class=\"medias-carousel__item\" data-fancybox href=\"https:\/\/const-larco.com\/wp-content\/uploads\/2024\/05\/Clinique-dimplantologie.jpg\" data-caption=\"\">\n              <div class=\"medias-carousel__item__thumbnail\" style=\"background-image:url(https:\/\/const-larco.com\/wp-content\/uploads\/2024\/05\/Clinique-dimplantologie.jpg);\" role=\"img\" aria-label=\"Clinique d&#039;implantologie - Terrebonne(QC)\"><\/div>\n                            <span class=\"sr-only\">See image in full size<\/span>\n            <\/a>\n          <\/div>\n                  <div class=\"swiper-slide medias-carousel__item-wrapper\">\n            <a class=\"medias-carousel__item\" data-fancybox href=\"https:\/\/const-larco.com\/wp-content\/uploads\/2024\/05\/20141129Larco0031_HDR-2.jpg\" data-caption=\"\">\n              <div class=\"medias-carousel__item__thumbnail\" style=\"background-image:url(https:\/\/const-larco.com\/wp-content\/uploads\/2024\/05\/20141129Larco0031_HDR-2.jpg);\" role=\"img\" aria-label=\"\"><\/div>\n                            <span class=\"sr-only\">See image in full size<\/span>\n            <\/a>\n          <\/div>\n                  <div class=\"swiper-slide medias-carousel__item-wrapper\">\n            <a class=\"medias-carousel__item\" data-fancybox href=\"https:\/\/const-larco.com\/wp-content\/uploads\/2024\/06\/Larco-Photos-Juin-10-2.jpg\" data-caption=\"\">\n              <div class=\"medias-carousel__item__thumbnail\" style=\"background-image:url(https:\/\/const-larco.com\/wp-content\/uploads\/2024\/06\/Larco-Photos-Juin-10-2.jpg);\" role=\"img\" aria-label=\"\"><\/div>\n                            <span class=\"sr-only\">See image in full size<\/span>\n            <\/a>\n          <\/div>\n                  <div class=\"swiper-slide medias-carousel__item-wrapper\">\n            <a class=\"medias-carousel__item\" data-fancybox href=\"https:\/\/const-larco.com\/wp-content\/uploads\/2024\/05\/2.jpg\" data-caption=\"\">\n              <div class=\"medias-carousel__item__thumbnail\" style=\"background-image:url(https:\/\/const-larco.com\/wp-content\/uploads\/2024\/05\/2.jpg);\" role=\"img\" aria-label=\"\"><\/div>\n                            <span class=\"sr-only\">See image in full size<\/span>\n            <\/a>\n          <\/div>\n                  <div class=\"swiper-slide medias-carousel__item-wrapper\">\n            <a class=\"medias-carousel__item\" data-fancybox href=\"https:\/\/const-larco.com\/wp-content\/uploads\/2024\/06\/LAssomption-1.png\" data-caption=\"\">\n              <div class=\"medias-carousel__item__thumbnail\" style=\"background-image:url(https:\/\/const-larco.com\/wp-content\/uploads\/2024\/06\/LAssomption-1.png);\" role=\"img\" aria-label=\"\"><\/div>\n                            <span class=\"sr-only\">See image in full size<\/span>\n            <\/a>\n          <\/div>\n                  <div class=\"swiper-slide medias-carousel__item-wrapper\">\n            <a class=\"medias-carousel__item\" data-fancybox href=\"https:\/\/const-larco.com\/wp-content\/uploads\/2024\/05\/20230922Larco_LeGardeur0012-4.jpg\" data-caption=\"\">\n              <div class=\"medias-carousel__item__thumbnail\" style=\"background-image:url(https:\/\/const-larco.com\/wp-content\/uploads\/2024\/05\/20230922Larco_LeGardeur0012-4.jpg);\" role=\"img\" aria-label=\"\"><\/div>\n                            <span class=\"sr-only\">See image in full size<\/span>\n            <\/a>\n          <\/div>\n              <\/div>\n    <\/div>\n    <div class=\"medias-carousel__carousel-navigation container\">\n      <div class=\"swiper-pagination\"><\/div>\n      <div class=\"medias-carousel__carousel-navigation__arrows\">\n        <div class=\"swiper-button-prev\"><\/div>\n        <div class=\"swiper-button-next\"><\/div>\n      <\/div>\n    <\/div>\n  <\/section>\n  \n\n\n<div class=\"wp-block-buttons is-content-justification-center is-layout-flex wp-container-core-buttons-is-layout-5 wp-block-buttons-is-layout-flex\">\n<div class=\"wp-block-button\"><a class=\"wp-block-button__link has-text-align-center wp-element-button\" href=\"https:\/\/const-larco.com\/realisations\/\">See our achievements<\/a><\/div>\n<\/div>\n\n\n\n<p><\/p>\n","protected":false},"excerpt":{"rendered":"<p>CONSTRUCTION Whether for a project in the institutional, commercial, industrial sector or a real estate development project, we put all our skills to work to realize your vision for your construction and renovation projects. For years, we have been established in the field with the best business partners who care as much as we do&hellip;<\/p>\n","protected":false},"author":1,"featured_media":0,"parent":0,"menu_order":0,"comment_status":"closed","ping_status":"closed","template":"","meta":{"_acf_changed":false,"_relevanssi_hide_post":"","_relevanssi_hide_content":"","_relevanssi_pin_for_all":"","_relevanssi_pin_keywords":"","_relevanssi_unpin_keywords":"","_relevanssi_related_keywords":"","_relevanssi_related_include_ids":"","_relevanssi_related_exclude_ids":"","_relevanssi_related_no_append":"","_relevanssi_related_not_related":"","_relevanssi_related_posts":"1","_relevanssi_noindex_reason":"","footnotes":""},"class_list":["post-225","page","type-page","status-publish","hentry"],"acf":[],"_links":{"self":[{"href":"https:\/\/const-larco.com\/en\/wp-json\/wp\/v2\/pages\/225"}],"collection":[{"href":"https:\/\/const-larco.com\/en\/wp-json\/wp\/v2\/pages"}],"about":[{"href":"https:\/\/const-larco.com\/en\/wp-json\/wp\/v2\/types\/page"}],"author":[{"embeddable":true,"href":"https:\/\/const-larco.com\/en\/wp-json\/wp\/v2\/users\/1"}],"replies":[{"embeddable":true,"href":"https:\/\/const-larco.com\/en\/wp-json\/wp\/v2\/comments?post=225"}],"version-history":[{"count":5,"href":"https:\/\/const-larco.com\/en\/wp-json\/wp\/v2\/pages\/225\/revisions"}],"predecessor-version":[{"id":1468,"href":"https:\/\/const-larco.com\/en\/wp-json\/wp\/v2\/pages\/225\/revisions\/1468"}],"wp:attachment":[{"href":"https:\/\/const-larco.com\/en\/wp-json\/wp\/v2\/media?parent=225"}],"curies":[{"name":"wp","href":"https:\/\/api.w.org\/{rel}","templated":true}]}}